{"id":22706,"date":"2024-02-13T11:25:20","date_gmt":"2024-02-13T10:25:20","guid":{"rendered":"https:\/\/familia.porcia.sk\/index.php\/news\/"},"modified":"2024-07-29T09:12:55","modified_gmt":"2024-07-29T07:12:55","slug":"news","status":"publish","type":"page","link":"https:\/\/www.gasfamilia.com\/en\/news\/","title":{"rendered":"News"},"content":{"rendered":"\t\t<div data-elementor-type=\"wp-page\" data-elementor-id=\"22706\" class=\"elementor elementor-22706 elementor-15777\" data-elementor-post-type=\"page\">\n\t\t\t\t<div class=\"wd-negative-gap elementor-element elementor-element-f772a2e e-flex e-con-boxed e-con e-parent\" data-id=\"f772a2e\" data-element_type=\"container\">\n\t\t\t\t\t<div class=\"e-con-inner\">\n\t\t\t\t<div class=\"elementor-element elementor-element-4802db1 wd-width-100 elementor-widget elementor-widget-wd_images_gallery\" data-id=\"4802db1\" data-element_type=\"widget\" data-widget_type=\"wd_images_gallery.default\">\n\t\t\t\t<div class=\"elementor-widget-container\">\n\t\t\t\t\t<div class=\"wd-images-gallery photoswipe-images\" style=\"--wd-align-items:center; --wd-justify-content:center;\">\n\t\t\t\t\t\t<div class=\"wd-grid-g\" style=\"--wd-col-lg:3;--wd-col-md:3;--wd-col-sm:1;--wd-gap-lg:10px;\" >\n\t\t\t\t\t\t\t\t\t\t\t\t\t\t\t\t\t\t<div class=\"wd-gallery-item wd-col\">\n\t\t\t\t\t\t\t\t\t\t\t\t\t<a  href=\"https:\/\/www.gasfamilia.com\/wp-content\/uploads\/2024\/07\/Spisska_reserva_posty_maj-08-scaled.jpg\"data-width=\"2560\" data-height=\"2560\" data-index=\"1\" data-elementor-open-lightbox=\"no\">\n\t\t\t\t\t\t\n\t\t\t\t\t\t<img decoding=\"async\" src=\"https:\/\/www.gasfamilia.com\/wp-content\/uploads\/2024\/07\/Spisska_reserva_posty_maj-08-800x800.jpg\"alt=\"Spisska_reserva_posty_maj-08\">\n\t\t\t\t\t\t\t\t\t\t\t\t\t<\/a>\n\t\t\t\t\t\t\t\t\t\t\t<\/div>\n\t\t\t\t\t\t\t\t\t\t\t\t\t\t\t<div class=\"wd-gallery-item wd-col\">\n\t\t\t\t\t\t\t\t\t\t\t\t\t<a  href=\"https:\/\/www.gasfamilia.com\/wp-content\/uploads\/2024\/06\/nove_flase.png\"data-width=\"4500\" data-height=\"4500\" data-index=\"2\" data-elementor-open-lightbox=\"no\">\n\t\t\t\t\t\t\n\t\t\t\t\t\t<img decoding=\"async\" src=\"https:\/\/www.gasfamilia.com\/wp-content\/uploads\/2024\/06\/nove_flase-800x800.png\"alt=\"nov\u00e9_f\u013ea\u0161e\">\n\t\t\t\t\t\t\t\t\t\t\t\t\t<\/a>\n\t\t\t\t\t\t\t\t\t\t\t<\/div>\n\t\t\t\t\t\t\t\t\t\t\t\t\t<\/div>\n\t\t\t\t\t<\/div>\n\t\t\t\t<\/div>\n\t\t\t\t<\/div>\n\t\t\t\t\t<\/div>\n\t\t\t\t<\/div>\n\t\t\t\t<\/div>\n\t\t","protected":false},"excerpt":{"rendered":"","protected":false},"author":1,"featured_media":0,"parent":0,"menu_order":0,"comment_status":"closed","ping_status":"closed","template":"elementor_header_footer","meta":{"footnotes":""},"class_list":["post-22706","page","type-page","status-publish","hentry"],"_links":{"self":[{"href":"https:\/\/www.gasfamilia.com\/en\/wp-json\/wp\/v2\/pages\/22706","targetHints":{"allow":["GET"]}}],"collection":[{"href":"https:\/\/www.gasfamilia.com\/en\/wp-json\/wp\/v2\/pages"}],"about":[{"href":"https:\/\/www.gasfamilia.com\/en\/wp-json\/wp\/v2\/types\/page"}],"author":[{"embeddable":true,"href":"https:\/\/www.gasfamilia.com\/en\/wp-json\/wp\/v2\/users\/1"}],"replies":[{"embeddable":true,"href":"https:\/\/www.gasfamilia.com\/en\/wp-json\/wp\/v2\/comments?post=22706"}],"version-history":[{"count":3,"href":"https:\/\/www.gasfamilia.com\/en\/wp-json\/wp\/v2\/pages\/22706\/revisions"}],"predecessor-version":[{"id":24561,"href":"https:\/\/www.gasfamilia.com\/en\/wp-json\/wp\/v2\/pages\/22706\/revisions\/24561"}],"wp:attachment":[{"href":"https:\/\/www.gasfamilia.com\/en\/wp-json\/wp\/v2\/media?parent=22706"}],"curies":[{"name":"wp","href":"https:\/\/api.w.org\/{rel}","templated":true}]}}